{"id":230,"date":"2023-07-17T12:49:53","date_gmt":"2023-07-17T09:49:53","guid":{"rendered":"https:\/\/epilepsiveyasam.com\/tr\/?page_id=230"},"modified":"2023-07-17T12:50:42","modified_gmt":"2023-07-17T09:50:42","slug":"ilk-ve-orta-ogretim","status":"publish","type":"page","link":"https:\/\/epilepsiveyasam.com\/tr\/ilk-ve-orta-ogretim\/","title":{"rendered":"\u0130lk ve Orta \u00d6\u011fretim"},"content":{"rendered":"","protected":false},"excerpt":{"rendered":"","protected":false},"author":1,"featured_media":0,"parent":0,"menu_order":0,"comment_status":"closed","ping_status":"closed","template":"","meta":{"footnotes":""},"_links":{"self":[{"href":"https:\/\/epilepsiveyasam.com\/tr\/wp-json\/wp\/v2\/pages\/230"}],"collection":[{"href":"https:\/\/epilepsiveyasam.com\/tr\/wp-json\/wp\/v2\/pages"}],"about":[{"href":"https:\/\/epilepsiveyasam.com\/tr\/wp-json\/wp\/v2\/types\/page"}],"author":[{"embeddable":true,"href":"https:\/\/epilepsiveyasam.com\/tr\/wp-json\/wp\/v2\/users\/1"}],"replies":[{"embeddable":true,"href":"https:\/\/epilepsiveyasam.com\/tr\/wp-json\/wp\/v2\/comments?post=230"}],"version-history":[{"count":1,"href":"https:\/\/epilepsiveyasam.com\/tr\/wp-json\/wp\/v2\/pages\/230\/revisions"}],"predecessor-version":[{"id":233,"href":"https:\/\/epilepsiveyasam.com\/tr\/wp-json\/wp\/v2\/pages\/230\/revisions\/233"}],"wp:attachment":[{"href":"https:\/\/epilepsiveyasam.com\/tr\/wp-json\/wp\/v2\/media?parent=230"}],"curies":[{"name":"wp","href":"https:\/\/api.w.org\/{rel}","templated":true}]}}