{"id":170,"date":"2021-02-20T13:46:13","date_gmt":"2021-02-20T10:46:13","guid":{"rendered":"http:\/\/epilepsiveyasam.com\/tr\/?page_id=170"},"modified":"2021-02-20T14:08:58","modified_gmt":"2021-02-20T11:08:58","slug":"basin","status":"publish","type":"page","link":"https:\/\/epilepsiveyasam.com\/tr\/basin\/","title":{"rendered":"Epilepsi ve Yaz\u0131l\u0131 Bas\u0131n"},"content":{"rendered":"","protected":false},"excerpt":{"rendered":"","protected":false},"author":1,"featured_media":0,"parent":0,"menu_order":0,"comment_status":"open","ping_status":"closed","template":"","meta":{"footnotes":""},"_links":{"self":[{"href":"https:\/\/epilepsiveyasam.com\/tr\/wp-json\/wp\/v2\/pages\/170"}],"collection":[{"href":"https:\/\/epilepsiveyasam.com\/tr\/wp-json\/wp\/v2\/pages"}],"about":[{"href":"https:\/\/epilepsiveyasam.com\/tr\/wp-json\/wp\/v2\/types\/page"}],"author":[{"embeddable":true,"href":"https:\/\/epilepsiveyasam.com\/tr\/wp-json\/wp\/v2\/users\/1"}],"replies":[{"embeddable":true,"href":"https:\/\/epilepsiveyasam.com\/tr\/wp-json\/wp\/v2\/comments?post=170"}],"version-history":[{"count":2,"href":"https:\/\/epilepsiveyasam.com\/tr\/wp-json\/wp\/v2\/pages\/170\/revisions"}],"predecessor-version":[{"id":176,"href":"https:\/\/epilepsiveyasam.com\/tr\/wp-json\/wp\/v2\/pages\/170\/revisions\/176"}],"wp:attachment":[{"href":"https:\/\/epilepsiveyasam.com\/tr\/wp-json\/wp\/v2\/media?parent=170"}],"curies":[{"name":"wp","href":"https:\/\/api.w.org\/{rel}","templated":true}]}}