{"id":126,"date":"2021-02-04T18:02:11","date_gmt":"2021-02-04T15:02:11","guid":{"rendered":"http:\/\/epilepsiveyasam.com\/tr\/?page_id=126"},"modified":"2021-02-04T18:02:11","modified_gmt":"2021-02-04T15:02:11","slug":"beykent-univeristesi","status":"publish","type":"page","link":"https:\/\/epilepsiveyasam.com\/tr\/beykent-univeristesi\/","title":{"rendered":"BEYKENT \u00dcN\u0130VERS\u0130TES\u0130"},"content":{"rendered":"","protected":false},"excerpt":{"rendered":"","protected":false},"author":1,"featured_media":0,"parent":0,"menu_order":0,"comment_status":"open","ping_status":"open","template":"","meta":{"footnotes":""},"_links":{"self":[{"href":"https:\/\/epilepsiveyasam.com\/tr\/wp-json\/wp\/v2\/pages\/126"}],"collection":[{"href":"https:\/\/epilepsiveyasam.com\/tr\/wp-json\/wp\/v2\/pages"}],"about":[{"href":"https:\/\/epilepsiveyasam.com\/tr\/wp-json\/wp\/v2\/types\/page"}],"author":[{"embeddable":true,"href":"https:\/\/epilepsiveyasam.com\/tr\/wp-json\/wp\/v2\/users\/1"}],"replies":[{"embeddable":true,"href":"https:\/\/epilepsiveyasam.com\/tr\/wp-json\/wp\/v2\/comments?post=126"}],"version-history":[{"count":1,"href":"https:\/\/epilepsiveyasam.com\/tr\/wp-json\/wp\/v2\/pages\/126\/revisions"}],"predecessor-version":[{"id":127,"href":"https:\/\/epilepsiveyasam.com\/tr\/wp-json\/wp\/v2\/pages\/126\/revisions\/127"}],"wp:attachment":[{"href":"https:\/\/epilepsiveyasam.com\/tr\/wp-json\/wp\/v2\/media?parent=126"}],"curies":[{"name":"wp","href":"https:\/\/api.w.org\/{rel}","templated":true}]}}